{"id":31,"date":"2025-11-17T12:40:31","date_gmt":"2025-11-17T12:40:31","guid":{"rendered":"https:\/\/ficuss.fr\/?page_id=31"},"modified":"2026-01-05T11:04:27","modified_gmt":"2026-01-05T11:04:27","slug":"contact","status":"publish","type":"page","link":"https:\/\/ficuss.fr\/?page_id=31","title":{"rendered":"Contact"},"content":{"rendered":"\t\t<div data-elementor-type=\"wp-page\" data-elementor-id=\"31\" class=\"elementor elementor-31\" data-elementor-post-type=\"page\">\n\t\t\t\t<div class=\"elementor-element elementor-element-a793b30 e-flex e-con-boxed e-con e-parent\" data-id=\"a793b30\" data-element_type=\"container\" data-e-type=\"container\">\n\t\t\t\t\t<div class=\"e-con-inner\">\n\t\t<div class=\"elementor-element elementor-element-dc2f2b1 e-con-full e-flex e-con e-child\" data-id=\"dc2f2b1\" data-element_type=\"container\" data-e-type=\"container\">\n\t\t\t\t<div class=\"elementor-element elementor-element-cd8ede9 elementor-widget elementor-widget-heading\" data-id=\"cd8ede9\" data-element_type=\"widget\" data-e-type=\"widget\" data-widget_type=\"heading.default\">\n\t\t\t\t\t<h2 class=\"elementor-heading-title elementor-size-default\">Demandez votre diagnostic v\u00e9g\u00e9tal gratuit<\/h2>\t\t\t\t<\/div>\n\t\t\t\t<div class=\"elementor-element elementor-element-41f71e2 elementor-widget-divider--view-line elementor-widget elementor-widget-divider\" data-id=\"41f71e2\" data-element_type=\"widget\" data-e-type=\"widget\" data-widget_type=\"divider.default\">\n\t\t\t\t\t\t\t<div class=\"elementor-divider\">\n\t\t\t<span class=\"elementor-divider-separator\">\n\t\t\t\t\t\t<\/span>\n\t\t<\/div>\n\t\t\t\t\t\t<\/div>\n\t\t\t\t<div class=\"elementor-element elementor-element-0ef9651 elementor-widget elementor-widget-text-editor\" data-id=\"0ef9651\" data-element_type=\"widget\" data-e-type=\"widget\" data-widget_type=\"text-editor.default\">\n\t\t\t\t\t\t\t\t\t<span style=\"font-weight: 400;\">Faites le premier pas vers un environnement de travail plus inspirant :<\/span><span style=\"font-weight: 400;\">\n<\/span><a href=\"mailto:contact@ficuss.fr\"><span style=\"font-weight: 400;\">contact@ficuss.fr<\/span><\/a><span style=\"font-size: 1rem;\">\u00a0<br>02 40 58 01 90\n<br>14 rue du Champ du Pont, 44140 Remouill\u00e9<\/span>\n<br> <br>\n<b>Ensemble, faisons respirer vos bureaux !<\/b>\t\t\t\t\t\t\t\t<\/div>\n\t\t\t\t<\/div>\n\t\t<div class=\"elementor-element elementor-element-4a2d046 e-con-full e-flex e-con e-child\" data-id=\"4a2d046\" data-element_type=\"container\" data-e-type=\"container\">\n\t\t\t\t<div class=\"elementor-element elementor-element-ff3822f elementor-button-align-stretch elementor-widget elementor-widget-form\" data-id=\"ff3822f\" data-element_type=\"widget\" data-e-type=\"widget\" data-settings=\"{&quot;button_width&quot;:&quot;20&quot;,&quot;step_next_label&quot;:&quot;Suivant&quot;,&quot;step_previous_label&quot;:&quot;Pr\\u00e9c\\u00e9dent&quot;,&quot;step_type&quot;:&quot;number_text&quot;,&quot;step_icon_shape&quot;:&quot;circle&quot;}\" data-widget_type=\"form.default\">\n\t\t\t\t\t\t\t<form class=\"elementor-form\" method=\"post\" name=\"Nouveau formulaire\" aria-label=\"Nouveau formulaire\">\n\t\t\t<input type=\"hidden\" name=\"post_id\" value=\"31\"\/>\n\t\t\t<input type=\"hidden\" name=\"form_id\" value=\"ff3822f\"\/>\n\t\t\t<input type=\"hidden\" name=\"referer_title\" value=\"Contact - FIC\u00dcSS\" \/>\n\n\t\t\t\t\t\t\t<input type=\"hidden\" name=\"queried_id\" value=\"31\"\/>\n\t\t\t\n\t\t\t<div class=\"elementor-form-fields-wrapper elementor-labels-\">\n\t\t\t\t\t\t\t\t<div class=\"elementor-field-type-text elementor-field-group elementor-column elementor-field-group-name elementor-col-100 elementor-field-required\">\n\t\t\t\t\t\t\t\t\t\t\t\t<label for=\"form-field-name\" class=\"elementor-field-label elementor-screen-only\">\n\t\t\t\t\t\t\t\tNom\t\t\t\t\t\t\t<\/label>\n\t\t\t\t\t\t\t\t\t\t\t\t\t\t<input size=\"1\" type=\"text\" name=\"form_fields[name]\" id=\"form-field-name\" class=\"elementor-field elementor-size-sm  elementor-field-textual\" placeholder=\"Nom\" required=\"required\">\n\t\t\t\t\t\t\t\t\t\t\t<\/div>\n\t\t\t\t\t\t\t\t<div class=\"elementor-field-type-text elementor-field-group elementor-column elementor-field-group-field_9332ca0 elementor-col-100 elementor-field-required\">\n\t\t\t\t\t\t\t\t\t\t\t\t<label for=\"form-field-field_9332ca0\" class=\"elementor-field-label elementor-screen-only\">\n\t\t\t\t\t\t\t\tEntreprise\t\t\t\t\t\t\t<\/label>\n\t\t\t\t\t\t\t\t\t\t\t\t\t\t<input size=\"1\" type=\"text\" name=\"form_fields[field_9332ca0]\" id=\"form-field-field_9332ca0\" class=\"elementor-field elementor-size-sm  elementor-field-textual\" placeholder=\"Entreprise\" required=\"required\">\n\t\t\t\t\t\t\t\t\t\t\t<\/div>\n\t\t\t\t\t\t\t\t<div class=\"elementor-field-type-email elementor-field-group elementor-column elementor-field-group-email elementor-col-100 elementor-field-required\">\n\t\t\t\t\t\t\t\t\t\t\t\t<label for=\"form-field-email\" class=\"elementor-field-label elementor-screen-only\">\n\t\t\t\t\t\t\t\tE-mail\t\t\t\t\t\t\t<\/label>\n\t\t\t\t\t\t\t\t\t\t\t\t\t\t<input size=\"1\" type=\"email\" name=\"form_fields[email]\" id=\"form-field-email\" class=\"elementor-field elementor-size-sm  elementor-field-textual\" placeholder=\"E-mail\" required=\"required\">\n\t\t\t\t\t\t\t\t\t\t\t<\/div>\n\t\t\t\t\t\t\t\t<div class=\"elementor-field-type-textarea elementor-field-group elementor-column elementor-field-group-message elementor-col-100 elementor-field-required\">\n\t\t\t\t\t\t\t\t\t\t\t\t<label for=\"form-field-message\" class=\"elementor-field-label elementor-screen-only\">\n\t\t\t\t\t\t\t\tMessage\t\t\t\t\t\t\t<\/label>\n\t\t\t\t\t\t<textarea class=\"elementor-field-textual elementor-field  elementor-size-sm\" name=\"form_fields[message]\" id=\"form-field-message\" rows=\"4\" placeholder=\"Message\" required=\"required\"><\/textarea>\t\t\t\t<\/div>\n\t\t\t\t\t\t\t\t<div class=\"elementor-field-group elementor-column elementor-field-type-submit elementor-col-20 e-form__buttons\">\n\t\t\t\t\t<button class=\"elementor-button elementor-size-sm\" type=\"submit\">\n\t\t\t\t\t\t<span class=\"elementor-button-content-wrapper\">\n\t\t\t\t\t\t\t\t\t\t\t\t\t\t\t\t\t\t\t\t\t\t<span class=\"elementor-button-text\">Envoyer<\/span>\n\t\t\t\t\t\t\t\t\t\t\t\t\t<\/span>\n\t\t\t\t\t<\/button>\n\t\t\t\t<\/div>\n\t\t\t<\/div>\n\t\t<\/form>\n\t\t\t\t\t\t<\/div>\n\t\t\t\t<\/div>\n\t\t\t\t\t<\/div>\n\t\t\t\t<\/div>\n\t\t<div class=\"elementor-element elementor-element-9f4cb3c e-flex e-con-boxed e-con e-parent\" data-id=\"9f4cb3c\" data-element_type=\"container\" data-e-type=\"container\">\n\t\t\t\t\t<div class=\"e-con-inner\">\n\t\t<div class=\"elementor-element elementor-element-07b402a e-con-full e-flex e-con e-child\" data-id=\"07b402a\" data-element_type=\"container\" data-e-type=\"container\">\n\t\t\t\t<div class=\"elementor-element elementor-element-e74f86d elementor-widget elementor-widget-image\" data-id=\"e74f86d\" data-element_type=\"widget\" data-e-type=\"widget\" data-widget_type=\"image.default\">\n\t\t\t\t\t\t\t\t\t\t\t\t\t\t\t<img fetchpriority=\"high\" decoding=\"async\" width=\"800\" height=\"438\" src=\"https:\/\/ficuss.fr\/wp-content\/uploads\/2025\/12\/CARTE-FICUS-04-1024x561.png\" class=\"attachment-large size-large wp-image-959\" alt=\"\" srcset=\"https:\/\/ficuss.fr\/wp-content\/uploads\/2025\/12\/CARTE-FICUS-04-1024x561.png 1024w, https:\/\/ficuss.fr\/wp-content\/uploads\/2025\/12\/CARTE-FICUS-04-300x164.png 300w, https:\/\/ficuss.fr\/wp-content\/uploads\/2025\/12\/CARTE-FICUS-04-768x421.png 768w, https:\/\/ficuss.fr\/wp-content\/uploads\/2025\/12\/CARTE-FICUS-04-1536x841.png 1536w, https:\/\/ficuss.fr\/wp-content\/uploads\/2025\/12\/CARTE-FICUS-04-2048x1122.png 2048w\" sizes=\"(max-width: 800px) 100vw, 800px\" \/>\t\t\t\t\t\t\t\t\t\t\t\t\t\t\t<\/div>\n\t\t\t\t<\/div>\n\t\t<div class=\"elementor-element elementor-element-ca1f76a e-con-full e-flex e-con e-child\" data-id=\"ca1f76a\" data-element_type=\"container\" data-e-type=\"container\">\n\t\t\t\t<div class=\"elementor-element elementor-element-cea87f2 elementor-widget elementor-widget-text-editor\" data-id=\"cea87f2\" data-element_type=\"widget\" data-e-type=\"widget\" data-widget_type=\"text-editor.default\">\n\t\t\t\t\t\t\t\t\t<p>FIC\u00dcSS intervient dans les d\u00e9partements 44, 85, 49 et 56, afin d\u2019accompagner au plus pr\u00e8s les entreprises du Grand Ouest dans leurs projets de v\u00e9g\u00e9talisation responsable.<\/p><p><strong>Cette pr\u00e9sence locale permet d\u2019assurer un suivi r\u00e9actif, personnalis\u00e9 et pleinement align\u00e9 avec vos engagements RSE.<\/strong><\/p>\t\t\t\t\t\t\t\t<\/div>\n\t\t\t\t<\/div>\n\t\t\t\t\t<\/div>\n\t\t\t\t<\/div>\n\t\t<div class=\"elementor-element elementor-element-f7156c3 e-flex e-con-boxed e-con e-parent\" data-id=\"f7156c3\" data-element_type=\"container\" data-e-type=\"container\" data-settings=\"{&quot;background_background&quot;:&quot;classic&quot;}\">\n\t\t\t\t\t<div class=\"e-con-inner\">\n\t\t\t\t\t<\/div>\n\t\t\t\t<\/div>\n\t\t\t\t<\/div>\n\t\t","protected":false},"excerpt":{"rendered":"<p>Demandez votre diagnostic v\u00e9g\u00e9tal gratuit Faites le premier pas vers un environnement de travail plus inspirant : contact@ficuss.fr\u00a002 40 58 01 90 14 rue du Champ du Pont, 44140 Remouill\u00e9 Ensemble, faisons respirer vos bureaux ! FIC\u00dcSS intervient dans les d\u00e9partements 44, 85, 49 et 56, afin d\u2019accompagner au plus pr\u00e8s les entreprises du Grand [&hellip;]<\/p>\n","protected":false},"author":2,"featured_media":0,"parent":0,"menu_order":0,"comment_status":"closed","ping_status":"closed","template":"","meta":{"footnotes":""},"class_list":["post-31","page","type-page","status-publish","hentry"],"yoast_head":"<!-- This site is optimized with the Yoast SEO plugin v27.0 - https:\/\/yoast.com\/product\/yoast-seo-wordpress\/ -->\n<title>Contact - FIC\u00dcSS<\/title>\n<meta name=\"robots\" content=\"index, follow, max-snippet:-1, max-image-preview:large, max-video-preview:-1\" \/>\n<link rel=\"canonical\" href=\"https:\/\/ficuss.fr\/?page_id=31\" \/>\n<meta property=\"og:locale\" content=\"fr_FR\" \/>\n<meta property=\"og:type\" content=\"article\" \/>\n<meta property=\"og:title\" content=\"Contact - FIC\u00dcSS\" \/>\n<meta property=\"og:description\" content=\"Demandez votre diagnostic v\u00e9g\u00e9tal gratuit Faites le premier pas vers un environnement de travail plus inspirant : contact@ficuss.fr\u00a002 40 58 01 90 14 rue du Champ du Pont, 44140 Remouill\u00e9 Ensemble, faisons respirer vos bureaux ! FIC\u00dcSS intervient dans les d\u00e9partements 44, 85, 49 et 56, afin d\u2019accompagner au plus pr\u00e8s les entreprises du Grand [&hellip;]\" \/>\n<meta property=\"og:url\" content=\"https:\/\/ficuss.fr\/?page_id=31\" \/>\n<meta property=\"og:site_name\" content=\"FIC\u00dcSS\" \/>\n<meta property=\"article:modified_time\" content=\"2026-01-05T11:04:27+00:00\" \/>\n<meta property=\"og:image\" content=\"http:\/\/ficuss.fr\/wp-content\/uploads\/2025\/12\/CARTE-FICUS-04-1024x561.png\" \/>\n<meta name=\"twitter:card\" content=\"summary_large_image\" \/>\n<script type=\"application\/ld+json\" class=\"yoast-schema-graph\">{\"@context\":\"https:\/\/schema.org\",\"@graph\":[{\"@type\":\"WebPage\",\"@id\":\"https:\/\/ficuss.fr\/?page_id=31\",\"url\":\"https:\/\/ficuss.fr\/?page_id=31\",\"name\":\"Contact - FIC\u00dcSS\",\"isPartOf\":{\"@id\":\"https:\/\/ficuss.fr\/#website\"},\"primaryImageOfPage\":{\"@id\":\"https:\/\/ficuss.fr\/?page_id=31#primaryimage\"},\"image\":{\"@id\":\"https:\/\/ficuss.fr\/?page_id=31#primaryimage\"},\"thumbnailUrl\":\"http:\/\/ficuss.fr\/wp-content\/uploads\/2025\/12\/CARTE-FICUS-04-1024x561.png\",\"datePublished\":\"2025-11-17T12:40:31+00:00\",\"dateModified\":\"2026-01-05T11:04:27+00:00\",\"breadcrumb\":{\"@id\":\"https:\/\/ficuss.fr\/?page_id=31#breadcrumb\"},\"inLanguage\":\"fr-FR\",\"potentialAction\":[{\"@type\":\"ReadAction\",\"target\":[\"https:\/\/ficuss.fr\/?page_id=31\"]}]},{\"@type\":\"ImageObject\",\"inLanguage\":\"fr-FR\",\"@id\":\"https:\/\/ficuss.fr\/?page_id=31#primaryimage\",\"url\":\"https:\/\/ficuss.fr\/wp-content\/uploads\/2025\/12\/CARTE-FICUS-04.png\",\"contentUrl\":\"https:\/\/ficuss.fr\/wp-content\/uploads\/2025\/12\/CARTE-FICUS-04.png\",\"width\":2096,\"height\":1148},{\"@type\":\"BreadcrumbList\",\"@id\":\"https:\/\/ficuss.fr\/?page_id=31#breadcrumb\",\"itemListElement\":[{\"@type\":\"ListItem\",\"position\":1,\"name\":\"Accueil\",\"item\":\"https:\/\/ficuss.fr\/\"},{\"@type\":\"ListItem\",\"position\":2,\"name\":\"Contact\"}]},{\"@type\":\"WebSite\",\"@id\":\"https:\/\/ficuss.fr\/#website\",\"url\":\"https:\/\/ficuss.fr\/\",\"name\":\"FIC\u00dcSS\",\"description\":\"Booster votre RSE\",\"publisher\":{\"@id\":\"https:\/\/ficuss.fr\/#organization\"},\"potentialAction\":[{\"@type\":\"SearchAction\",\"target\":{\"@type\":\"EntryPoint\",\"urlTemplate\":\"https:\/\/ficuss.fr\/?s={search_term_string}\"},\"query-input\":{\"@type\":\"PropertyValueSpecification\",\"valueRequired\":true,\"valueName\":\"search_term_string\"}}],\"inLanguage\":\"fr-FR\"},{\"@type\":\"Organization\",\"@id\":\"https:\/\/ficuss.fr\/#organization\",\"name\":\"FIC\u00dcSS\",\"url\":\"https:\/\/ficuss.fr\/\",\"logo\":{\"@type\":\"ImageObject\",\"inLanguage\":\"fr-FR\",\"@id\":\"https:\/\/ficuss.fr\/#\/schema\/logo\/image\/\",\"url\":\"https:\/\/ficuss.fr\/wp-content\/uploads\/2025\/10\/Ficuss_Logo_RVB_Principal_Negatif.svg\",\"contentUrl\":\"https:\/\/ficuss.fr\/wp-content\/uploads\/2025\/10\/Ficuss_Logo_RVB_Principal_Negatif.svg\",\"width\":500,\"height\":200,\"caption\":\"FIC\u00dcSS\"},\"image\":{\"@id\":\"https:\/\/ficuss.fr\/#\/schema\/logo\/image\/\"}}]}<\/script>\n<!-- \/ Yoast SEO plugin. -->","yoast_head_json":{"title":"Contact - FIC\u00dcSS","robots":{"index":"index","follow":"follow","max-snippet":"max-snippet:-1","max-image-preview":"max-image-preview:large","max-video-preview":"max-video-preview:-1"},"canonical":"https:\/\/ficuss.fr\/?page_id=31","og_locale":"fr_FR","og_type":"article","og_title":"Contact - FIC\u00dcSS","og_description":"Demandez votre diagnostic v\u00e9g\u00e9tal gratuit Faites le premier pas vers un environnement de travail plus inspirant : contact@ficuss.fr\u00a002 40 58 01 90 14 rue du Champ du Pont, 44140 Remouill\u00e9 Ensemble, faisons respirer vos bureaux ! FIC\u00dcSS intervient dans les d\u00e9partements 44, 85, 49 et 56, afin d\u2019accompagner au plus pr\u00e8s les entreprises du Grand [&hellip;]","og_url":"https:\/\/ficuss.fr\/?page_id=31","og_site_name":"FIC\u00dcSS","article_modified_time":"2026-01-05T11:04:27+00:00","og_image":[{"url":"http:\/\/ficuss.fr\/wp-content\/uploads\/2025\/12\/CARTE-FICUS-04-1024x561.png","type":"","width":"","height":""}],"twitter_card":"summary_large_image","schema":{"@context":"https:\/\/schema.org","@graph":[{"@type":"WebPage","@id":"https:\/\/ficuss.fr\/?page_id=31","url":"https:\/\/ficuss.fr\/?page_id=31","name":"Contact - FIC\u00dcSS","isPartOf":{"@id":"https:\/\/ficuss.fr\/#website"},"primaryImageOfPage":{"@id":"https:\/\/ficuss.fr\/?page_id=31#primaryimage"},"image":{"@id":"https:\/\/ficuss.fr\/?page_id=31#primaryimage"},"thumbnailUrl":"http:\/\/ficuss.fr\/wp-content\/uploads\/2025\/12\/CARTE-FICUS-04-1024x561.png","datePublished":"2025-11-17T12:40:31+00:00","dateModified":"2026-01-05T11:04:27+00:00","breadcrumb":{"@id":"https:\/\/ficuss.fr\/?page_id=31#breadcrumb"},"inLanguage":"fr-FR","potentialAction":[{"@type":"ReadAction","target":["https:\/\/ficuss.fr\/?page_id=31"]}]},{"@type":"ImageObject","inLanguage":"fr-FR","@id":"https:\/\/ficuss.fr\/?page_id=31#primaryimage","url":"https:\/\/ficuss.fr\/wp-content\/uploads\/2025\/12\/CARTE-FICUS-04.png","contentUrl":"https:\/\/ficuss.fr\/wp-content\/uploads\/2025\/12\/CARTE-FICUS-04.png","width":2096,"height":1148},{"@type":"BreadcrumbList","@id":"https:\/\/ficuss.fr\/?page_id=31#breadcrumb","itemListElement":[{"@type":"ListItem","position":1,"name":"Accueil","item":"https:\/\/ficuss.fr\/"},{"@type":"ListItem","position":2,"name":"Contact"}]},{"@type":"WebSite","@id":"https:\/\/ficuss.fr\/#website","url":"https:\/\/ficuss.fr\/","name":"FIC\u00dcSS","description":"Booster votre RSE","publisher":{"@id":"https:\/\/ficuss.fr\/#organization"},"potentialAction":[{"@type":"SearchAction","target":{"@type":"EntryPoint","urlTemplate":"https:\/\/ficuss.fr\/?s={search_term_string}"},"query-input":{"@type":"PropertyValueSpecification","valueRequired":true,"valueName":"search_term_string"}}],"inLanguage":"fr-FR"},{"@type":"Organization","@id":"https:\/\/ficuss.fr\/#organization","name":"FIC\u00dcSS","url":"https:\/\/ficuss.fr\/","logo":{"@type":"ImageObject","inLanguage":"fr-FR","@id":"https:\/\/ficuss.fr\/#\/schema\/logo\/image\/","url":"https:\/\/ficuss.fr\/wp-content\/uploads\/2025\/10\/Ficuss_Logo_RVB_Principal_Negatif.svg","contentUrl":"https:\/\/ficuss.fr\/wp-content\/uploads\/2025\/10\/Ficuss_Logo_RVB_Principal_Negatif.svg","width":500,"height":200,"caption":"FIC\u00dcSS"},"image":{"@id":"https:\/\/ficuss.fr\/#\/schema\/logo\/image\/"}}]}},"_links":{"self":[{"href":"https:\/\/ficuss.fr\/index.php?rest_route=\/wp\/v2\/pages\/31","targetHints":{"allow":["GET"]}}],"collection":[{"href":"https:\/\/ficuss.fr\/index.php?rest_route=\/wp\/v2\/pages"}],"about":[{"href":"https:\/\/ficuss.fr\/index.php?rest_route=\/wp\/v2\/types\/page"}],"author":[{"embeddable":true,"href":"https:\/\/ficuss.fr\/index.php?rest_route=\/wp\/v2\/users\/2"}],"replies":[{"embeddable":true,"href":"https:\/\/ficuss.fr\/index.php?rest_route=%2Fwp%2Fv2%2Fcomments&post=31"}],"version-history":[{"count":73,"href":"https:\/\/ficuss.fr\/index.php?rest_route=\/wp\/v2\/pages\/31\/revisions"}],"predecessor-version":[{"id":1011,"href":"https:\/\/ficuss.fr\/index.php?rest_route=\/wp\/v2\/pages\/31\/revisions\/1011"}],"wp:attachment":[{"href":"https:\/\/ficuss.fr\/index.php?rest_route=%2Fwp%2Fv2%2Fmedia&parent=31"}],"curies":[{"name":"wp","href":"https:\/\/api.w.org\/{rel}","templated":true}]}}